{"id":3762,"date":"1900-06-09T16:06:43","date_gmt":"1900-06-09T16:06:43","guid":{"rendered":"https:\/\/tenorio.barcelona\/?post_type=product&#038;p=3762"},"modified":"2026-04-02T14:30:39","modified_gmt":"2026-04-02T14:30:39","slug":"la-humanidad-solo-unida-podra-contra-el-cancer-the-humanity-only-if-united-will-be-able-to-beat-cancer","status":"publish","type":"product","link":"https:\/\/tenorio.barcelona\/es_es\/producto\/la-humanidad-solo-unida-podra-contra-el-cancer-the-humanity-only-if-united-will-be-able-to-beat-cancer\/","title":{"rendered":"La humanidad, s\u00f3lo unida, podr\u00e1 contra el c\u00e1ncer.<\/br>"},"content":{"rendered":"<ul class=\"fusion-checklist fusion-checklist-1\" style=\"font-size:15px;line-height:25.5px;\"><br \/>\n<li class=\"fusion-li-item\"><span style=\"background-color:#65bc7b;font-size:13.2px;height:25.5px;width:25.5px;margin-right:10.5px;\" class=\"icon-wrapper circle-yes\"><i class=\"fusion-li-icon fa fa-check\" style=\"color:#ffffff;\" aria-hidden=\"true\"><\/i><\/span><div class=\"fusion-li-item-content\" style=\"margin-left:36px;\">Reproducci\u00f3n sobre papel blanco brillo 200 gr<\/div><\/li>\n<li class=\"fusion-li-item\"><span style=\"background-color:#65bc7b;font-size:13.2px;height:25.5px;width:25.5px;margin-right:10.5px;\" class=\"icon-wrapper circle-yes\"><i class=\"fusion-li-icon fa fa-check\" style=\"color:#ffffff;\" aria-hidden=\"true\"><\/i><\/span><div class=\"fusion-li-item-content\" style=\"margin-left:36px;\">Tama\u00f1o l\u00e1mina: 58 x 82 cm<\/div><\/li>\n<li class=\"fusion-li-item\"><span style=\"background-color:#65bc7b;font-size:13.2px;height:25.5px;width:25.5px;margin-right:10.5px;\" class=\"icon-wrapper circle-yes\"><i class=\"fusion-li-icon fa fa-check\" style=\"color:#ffffff;\" aria-hidden=\"true\"><\/i><\/span><div class=\"fusion-li-item-content\" style=\"margin-left:36px;\">Tama\u00f1o dibujo: 46 x 65cm<\/div><\/li>\n<li class=\"fusion-li-item\"><span style=\"background-color:#65bc7b;font-size:13.2px;height:25.5px;width:25.5px;margin-right:10.5px;\" class=\"icon-wrapper circle-yes\"><i class=\"fusion-li-icon fa fa-check\" style=\"color:#ffffff;\" aria-hidden=\"true\"><\/i><\/span><div class=\"fusion-li-item-content\" style=\"margin-left:36px;\">Obra original en acuarela<\/div><\/li>\n<li class=\"fusion-li-item\"><span style=\"background-color:#65bc7b;font-size:13.2px;height:25.5px;width:25.5px;margin-right:10.5px;\" class=\"icon-wrapper circle-yes\"><i class=\"fusion-li-icon fa fa-check\" style=\"color:#ffffff;\" aria-hidden=\"true\"><\/i><\/span><div class=\"fusion-li-item-content\" style=\"margin-left:36px;\">Impresi\u00f3n con tintas de calidad<\/div><\/li>\n<li class=\"fusion-li-item\"><span style=\"background-color:#65bc7b;font-size:13.2px;height:25.5px;width:25.5px;margin-right:10.5px;\" class=\"icon-wrapper circle-yes\"><i class=\"fusion-li-icon fa fa-check\" style=\"color:#ffffff;\" aria-hidden=\"true\"><\/i><\/span><div class=\"fusion-li-item-content\" style=\"margin-left:36px;\"><b style=\"color:red\">Impresi\u00f3n especial en alta calidad Gicl\u00e9e <\/b><\/div><\/li>\n<\/ul>\n","protected":false},"excerpt":{"rendered":"<p><b>LA HUMANIDAD, SOLO UNIDA, PODR\u00c1 CONTRA EL C\u00c1NCER<\/b><\/p>\n<p>Es un cuadro que nace de algo tan irracional como el cancer, donde la humanidad s\u00f3lo unida podr\u00e1 gracias a la ciencia y al pensamiento racional mejorar la t\u00e9cnica que acabe con esa lacra que no comprende de religiones, credos, sexos, edades o colores.<br \/>\nLas tres edades de la mujer las utilizo como met\u00e1fora del rio de la vida.<br \/>\nLos colores puros e intensos expresan la esperanza y en cambio los colores m\u00e1s desagradables son a los que acudo para referirme a esa enfermedad.<\/p>\n","protected":false},"featured_media":3763,"template":"","meta":{"om_disable_all_campaigns":false,"_monsterinsights_skip_tracking":false,"_monsterinsights_sitenote_active":false,"_monsterinsights_sitenote_note":"","_monsterinsights_sitenote_category":0},"product_brand":[],"product_cat":[97],"product_tag":[107,106,102],"class_list":{"0":"post-3762","1":"product","2":"type-product","3":"status-publish","4":"has-post-thumbnail","6":"product_cat-obras-horizontales","7":"product_tag-arte-decorativo","8":"product_tag-arte-moderno","9":"product_tag-arte-solidario","11":"first","12":"onbackorder","13":"purchasable","14":"product-type-simple"},"aioseo_notices":[],"_links":{"self":[{"href":"https:\/\/tenorio.barcelona\/es_es\/wp-json\/wp\/v2\/product\/3762","targetHints":{"allow":["GET"]}}],"collection":[{"href":"https:\/\/tenorio.barcelona\/es_es\/wp-json\/wp\/v2\/product"}],"about":[{"href":"https:\/\/tenorio.barcelona\/es_es\/wp-json\/wp\/v2\/types\/product"}],"wp:featuredmedia":[{"embeddable":true,"href":"https:\/\/tenorio.barcelona\/es_es\/wp-json\/wp\/v2\/media\/3763"}],"wp:attachment":[{"href":"https:\/\/tenorio.barcelona\/es_es\/wp-json\/wp\/v2\/media?parent=3762"}],"wp:term":[{"taxonomy":"product_brand","embeddable":true,"href":"https:\/\/tenorio.barcelona\/es_es\/wp-json\/wp\/v2\/product_brand?post=3762"},{"taxonomy":"product_cat","embeddable":true,"href":"https:\/\/tenorio.barcelona\/es_es\/wp-json\/wp\/v2\/product_cat?post=3762"},{"taxonomy":"product_tag","embeddable":true,"href":"https:\/\/tenorio.barcelona\/es_es\/wp-json\/wp\/v2\/product_tag?post=3762"}],"curies":[{"name":"wp","href":"https:\/\/api.w.org\/{rel}","templated":true}]}}