{"id":3638,"date":"1928-04-29T15:35:41","date_gmt":"1928-04-29T15:35:41","guid":{"rendered":"https:\/\/tenorio.barcelona\/?post_type=product&#038;p=3638"},"modified":"2026-04-02T14:30:38","modified_gmt":"2026-04-02T14:30:38","slug":"el-amanecer","status":"publish","type":"product","link":"https:\/\/tenorio.barcelona\/es_es\/producto\/el-amanecer\/","title":{"rendered":"El Amanecer <\/br>"},"content":{"rendered":"<ul class=\"fusion-checklist fusion-checklist-1\" style=\"font-size:15px;line-height:25.5px;\"><br \/>\n<li class=\"fusion-li-item\"><span style=\"background-color:#65bc7b;font-size:13.2px;height:25.5px;width:25.5px;margin-right:10.5px;\" class=\"icon-wrapper circle-yes\"><i class=\"fusion-li-icon fa fa-check\" style=\"color:#ffffff;\" aria-hidden=\"true\"><\/i><\/span><div class=\"fusion-li-item-content\" style=\"margin-left:36px;\">Reproducci\u00f3n sobre papel blanco brillo 200 gr<\/div><\/li>\n<li class=\"fusion-li-item\"><span style=\"background-color:#65bc7b;font-size:13.2px;height:25.5px;width:25.5px;margin-right:10.5px;\" class=\"icon-wrapper circle-yes\"><i class=\"fusion-li-icon fa fa-check\" style=\"color:#ffffff;\" aria-hidden=\"true\"><\/i><\/span><div class=\"fusion-li-item-content\" style=\"margin-left:36px;\">Tama\u00f1o l\u00e1mina: 58 x 82 cm<\/div><\/li>\n<li class=\"fusion-li-item\"><span style=\"background-color:#65bc7b;font-size:13.2px;height:25.5px;width:25.5px;margin-right:10.5px;\" class=\"icon-wrapper circle-yes\"><i class=\"fusion-li-icon fa fa-check\" style=\"color:#ffffff;\" aria-hidden=\"true\"><\/i><\/span><div class=\"fusion-li-item-content\" style=\"margin-left:36px;\">Tama\u00f1o dibujo: 50 x 50 cm<\/div><\/li>\n<li class=\"fusion-li-item\"><span style=\"background-color:#65bc7b;font-size:13.2px;height:25.5px;width:25.5px;margin-right:10.5px;\" class=\"icon-wrapper circle-yes\"><i class=\"fusion-li-icon fa fa-check\" style=\"color:#ffffff;\" aria-hidden=\"true\"><\/i><\/span><div class=\"fusion-li-item-content\" style=\"margin-left:36px;\">Obra original \u00f3leo sobre lienzo<\/div><\/li>\n<li class=\"fusion-li-item\"><span style=\"background-color:#65bc7b;font-size:13.2px;height:25.5px;width:25.5px;margin-right:10.5px;\" class=\"icon-wrapper circle-yes\"><i class=\"fusion-li-icon fa fa-check\" style=\"color:#ffffff;\" aria-hidden=\"true\"><\/i><\/span><div class=\"fusion-li-item-content\" style=\"margin-left:36px;\">Impresi\u00f3n con tintas de calidad<\/div><\/li>\n<li class=\"fusion-li-item\"><span style=\"background-color:#65bc7b;font-size:13.2px;height:25.5px;width:25.5px;margin-right:10.5px;\" class=\"icon-wrapper circle-yes\"><i class=\"fusion-li-icon fa fa-check\" style=\"color:#ffffff;\" aria-hidden=\"true\"><\/i><\/span><div class=\"fusion-li-item-content\" style=\"margin-left:36px;\"><b style=\"color:red\">Impresi\u00f3n especial en alta calidad Gicl\u00e9e <\/b><\/div><\/li>\n<\/ul>\n","protected":false},"excerpt":{"rendered":"<p><strong>EL AMANECER<\/strong><\/p>\n<p>Paisaje \u00abneorrealista\u00bb donde expreso los recuerdos de mis veranos de juventud en la playa. Utilizo colores primarios y formas primarias (cuadrados, tri\u00e1ngulos, c\u00edrculos), extra\u00eddas de las abstracciones de Kandinsky, para que el espectador intuya, en forma de poes\u00eda, las formas de una mujer desnuda mientras amanece en la playa.<\/p>\n","protected":false},"featured_media":3792,"template":"","meta":{"om_disable_all_campaigns":false,"_monsterinsights_skip_tracking":false,"_monsterinsights_sitenote_active":false,"_monsterinsights_sitenote_note":"","_monsterinsights_sitenote_category":0},"product_brand":[],"product_cat":[15],"product_tag":[107,106,102],"class_list":{"0":"post-3638","1":"product","2":"type-product","3":"status-publish","4":"has-post-thumbnail","6":"product_cat-obras-verticales","7":"product_tag-arte-decorativo","8":"product_tag-arte-moderno","9":"product_tag-arte-solidario","11":"first","12":"onbackorder","13":"purchasable","14":"product-type-simple"},"aioseo_notices":[],"_links":{"self":[{"href":"https:\/\/tenorio.barcelona\/es_es\/wp-json\/wp\/v2\/product\/3638","targetHints":{"allow":["GET"]}}],"collection":[{"href":"https:\/\/tenorio.barcelona\/es_es\/wp-json\/wp\/v2\/product"}],"about":[{"href":"https:\/\/tenorio.barcelona\/es_es\/wp-json\/wp\/v2\/types\/product"}],"wp:featuredmedia":[{"embeddable":true,"href":"https:\/\/tenorio.barcelona\/es_es\/wp-json\/wp\/v2\/media\/3792"}],"wp:attachment":[{"href":"https:\/\/tenorio.barcelona\/es_es\/wp-json\/wp\/v2\/media?parent=3638"}],"wp:term":[{"taxonomy":"product_brand","embeddable":true,"href":"https:\/\/tenorio.barcelona\/es_es\/wp-json\/wp\/v2\/product_brand?post=3638"},{"taxonomy":"product_cat","embeddable":true,"href":"https:\/\/tenorio.barcelona\/es_es\/wp-json\/wp\/v2\/product_cat?post=3638"},{"taxonomy":"product_tag","embeddable":true,"href":"https:\/\/tenorio.barcelona\/es_es\/wp-json\/wp\/v2\/product_tag?post=3638"}],"curies":[{"name":"wp","href":"https:\/\/api.w.org\/{rel}","templated":true}]}}