{"id":2882,"date":"1933-03-12T10:27:20","date_gmt":"1933-03-12T10:27:20","guid":{"rendered":"http:\/\/tenorio.barcelona\/?post_type=product&#038;p=2882"},"modified":"2026-04-02T14:30:37","modified_gmt":"2026-04-02T14:30:37","slug":"mujer-esquizofrenia","status":"publish","type":"product","link":"https:\/\/tenorio.barcelona\/es_es\/producto\/mujer-esquizofrenia\/","title":{"rendered":"Mujer y esquizofrenia <\/br>"},"content":{"rendered":"<ul class=\"fusion-checklist fusion-checklist-1\" style=\"font-size:15px;line-height:25.5px;\"><br \/>\n<li class=\"fusion-li-item\"><span style=\"background-color:#65bc7b;font-size:13.2px;height:25.5px;width:25.5px;margin-right:10.5px;\" class=\"icon-wrapper circle-yes\"><i class=\"fusion-li-icon fa fa-check\" style=\"color:#ffffff;\" aria-hidden=\"true\"><\/i><\/span><div class=\"fusion-li-item-content\" style=\"margin-left:36px;\">Reproducci\u00f3n sobre papel blanco brillo 350 gr<\/div><\/li>\n<li class=\"fusion-li-item\"><span style=\"background-color:#65bc7b;font-size:13.2px;height:25.5px;width:25.5px;margin-right:10.5px;\" class=\"icon-wrapper circle-yes\"><i class=\"fusion-li-icon fa fa-check\" style=\"color:#ffffff;\" aria-hidden=\"true\"><\/i><\/span><div class=\"fusion-li-item-content\" style=\"margin-left:36px;\">Tama\u00f1o l\u00e1mina: 58 x 82 cm<\/div><\/li>\n<li class=\"fusion-li-item\"><span style=\"background-color:#65bc7b;font-size:13.2px;height:25.5px;width:25.5px;margin-right:10.5px;\" class=\"icon-wrapper circle-yes\"><i class=\"fusion-li-icon fa fa-check\" style=\"color:#ffffff;\" aria-hidden=\"true\"><\/i><\/span><div class=\"fusion-li-item-content\" style=\"margin-left:36px;\">Tama\u00f1o dibujo: 50 x 70 cm<\/div><\/li>\n<li class=\"fusion-li-item\"><span style=\"background-color:#65bc7b;font-size:13.2px;height:25.5px;width:25.5px;margin-right:10.5px;\" class=\"icon-wrapper circle-yes\"><i class=\"fusion-li-icon fa fa-check\" style=\"color:#ffffff;\" aria-hidden=\"true\"><\/i><\/span><div class=\"fusion-li-item-content\" style=\"margin-left:36px;\">Obra original en acuarela<\/div><\/li>\n<li class=\"fusion-li-item\"><span style=\"background-color:#65bc7b;font-size:13.2px;height:25.5px;width:25.5px;margin-right:10.5px;\" class=\"icon-wrapper circle-yes\"><i class=\"fusion-li-icon fa fa-check\" style=\"color:#ffffff;\" aria-hidden=\"true\"><\/i><\/span><div class=\"fusion-li-item-content\" style=\"margin-left:36px;\">Impresi\u00f3n con tintas de calidad<\/div><\/li><\/p>\n<p><li class=\"fusion-li-item\"><span style=\"background-color:#65bc7b;font-size:13.2px;height:25.5px;width:25.5px;margin-right:10.5px;\" class=\"icon-wrapper circle-yes\"><i class=\"fusion-li-icon fa fa-check\" style=\"color:#ffffff;\" aria-hidden=\"true\"><\/i><\/span><div class=\"fusion-li-item-content\" style=\"margin-left:36px;\"><b style=\"color:blue\">Impresi\u00f3n en calidad offset<\/b><\/div><\/li>\n<\/ul>\n","protected":false},"excerpt":{"rendered":"<p><strong>MUJER Y ESQUIZOFRENIA<\/strong><\/p>\n<p>\u00danicamente el arte me ayuda a comprender por qu\u00e9 me dej\u00f3 una antigua amiga, dibujando la luz interior y haciendo una introspecci\u00f3n, sacando todos los miedos y preocupaciones entre las tinieblas de la mente.<\/p>\n<p><strong style=\"font-size: 12px;\">Disponible<\/strong><\/p>\n<p>&nbsp;<\/p>\n","protected":false},"featured_media":3923,"template":"","meta":{"om_disable_all_campaigns":false,"_monsterinsights_skip_tracking":false,"_monsterinsights_sitenote_active":false,"_monsterinsights_sitenote_note":"","_monsterinsights_sitenote_category":0},"product_brand":[],"product_cat":[15],"product_tag":[107,106,102],"class_list":{"0":"post-2882","1":"product","2":"type-product","3":"status-publish","4":"has-post-thumbnail","6":"product_cat-obras-verticales","7":"product_tag-arte-decorativo","8":"product_tag-arte-moderno","9":"product_tag-arte-solidario","11":"first","12":"instock","13":"purchasable","14":"product-type-simple"},"aioseo_notices":[],"_links":{"self":[{"href":"https:\/\/tenorio.barcelona\/es_es\/wp-json\/wp\/v2\/product\/2882","targetHints":{"allow":["GET"]}}],"collection":[{"href":"https:\/\/tenorio.barcelona\/es_es\/wp-json\/wp\/v2\/product"}],"about":[{"href":"https:\/\/tenorio.barcelona\/es_es\/wp-json\/wp\/v2\/types\/product"}],"wp:featuredmedia":[{"embeddable":true,"href":"https:\/\/tenorio.barcelona\/es_es\/wp-json\/wp\/v2\/media\/3923"}],"wp:attachment":[{"href":"https:\/\/tenorio.barcelona\/es_es\/wp-json\/wp\/v2\/media?parent=2882"}],"wp:term":[{"taxonomy":"product_brand","embeddable":true,"href":"https:\/\/tenorio.barcelona\/es_es\/wp-json\/wp\/v2\/product_brand?post=2882"},{"taxonomy":"product_cat","embeddable":true,"href":"https:\/\/tenorio.barcelona\/es_es\/wp-json\/wp\/v2\/product_cat?post=2882"},{"taxonomy":"product_tag","embeddable":true,"href":"https:\/\/tenorio.barcelona\/es_es\/wp-json\/wp\/v2\/product_tag?post=2882"}],"curies":[{"name":"wp","href":"https:\/\/api.w.org\/{rel}","templated":true}]}}