{"id":3820,"date":"2021-08-18T14:22:28","date_gmt":"2021-08-18T14:22:28","guid":{"rendered":"https:\/\/tenorio.barcelona\/?page_id=3820"},"modified":"2026-04-02T14:13:37","modified_gmt":"2026-04-02T14:13:37","slug":"condiciones-de-compra","status":"publish","type":"page","link":"https:\/\/tenorio.barcelona\/es_es\/condiciones-de-compra\/","title":{"rendered":"Condiciones de compra"},"content":{"rendered":"<p><strong>PEDIDOS<\/strong><\/p>\n<p>Tardamos unos 7 laborables en tramitar tu pedido, cuando el producto est\u00e9 en stock.<\/p>\n<p>Recomendamos que contactes con nosotros y te confirmaremos el tiempo de producci\u00f3n.<\/p>\n<p>El sistema de compra se somete a la legislaci\u00f3n vigente en Espa\u00f1a.<\/p>\n<p><strong>PAGOS<\/strong><\/p>\n<p>Puedes realizar tus compras:<\/p>\n<p>Se acepta BIZUM. <\/p>\n<p>No se considerar\u00e1 efectiva la compra hasta el momento en que tengamos confirmaci\u00f3n bancaria del pago.<\/p>\n<p><strong>ENV\u00cdOS<\/strong><\/p>\n<p>Si necesitas un env\u00edo urgente, ponte en contacto con nosotros para consultar las condiciones y tarifas.<\/p>\n<p><strong>tenorio.barcelona<\/strong> no se hace responsable de los gastos adicionales de aduanas y aranceles, ni de los retrasos en las entregas de pedidos, por causas ajenas a la empresa o por datos del destinatario, incompletos o err\u00f3neos.<\/p>\n<p>En caso de hacer un cambio en la direcci\u00f3n de entrega una vez realizado el pedido, deber\u00e1s notificarlo a la mayor brevedad posible. Si el paquete ya ha sido expedido, el cambio de direcci\u00f3n comportar\u00e1 un coste adicional equivalente al coste del env\u00edo.<\/p>\n<p>No realizaremos env\u00edos cuyo destino sea un apartado de correos.<\/p>\n<p>Si recibes el paquete con el envoltorio defectuoso deber\u00e1s hacerlo constar en el albar\u00e1n de entrega\u00a0 o rechazarlo, y ponerte en contacto con nosotros.<\/p>\n<p><strong>DEVOLUCIONES<\/strong><\/p>\n<p>Si por cualquier motivo no est\u00e1s satisfecho con tu pedido, tienes un plazo de 14 d\u00edas naturales desde la fecha de la recepci\u00f3n del mismo para ejercer tu derecho de desistimiento (Seg\u00fan art. 44 de la Ley 7\/1996, de 15 de Enero de Ordenaci\u00f3n del Comercio Minorista modificada por la Ley 47\/2002, de 19 de Diciembre).\u00a0 Pasado este plazo no podremos admitir devoluciones.\u00a0<\/p>\n<p>Quedan excluidas las devoluciones de encargos especiales.<\/p>\n<p>Las obras deben estar en perfectas condiciones, en su packaging original y con toda la documentaci\u00f3n incluida.\u00a0<\/p>\n<p>Para poder realizar la devoluci\u00f3n, env\u00edanos primero un e-mail y te facilitaremos el documento de desistimiento, que deber\u00e1 estar correctamente cumplimentado con tus datos personales y firma.<\/p>\n<p>Iniciaremos el proceso de devoluci\u00f3n, una vez hayamos recibido el producto y revisemos que est\u00e1 en perfecto estado y sin signos de uso. Si es correcto, procederemos a la devoluci\u00f3n del importe de la obra en un un plazo m\u00e1ximo de 14 d\u00edas, mediante el mismo m\u00e9todo de pago, de acuerdo con la normativa vigente.<\/p>\n<p>En caso contrario, cancelaremos la operaci\u00f3n.<\/p>\n<p><strong>CAMBIOS<\/strong><\/p>\n<p>En el caso de que quieras cambiar la obra dispones de 14 d\u00edas. Por favor, comun\u00edcanoslo a info@tenorio.barcelona.<\/p>\n<p>Las obras deben estar en perfectas condiciones, en su packaging original y con toda la documentaci\u00f3n incluida.\u00a0<\/p>\n<p>Los portes de devoluci\u00f3n y siguiente entrega del art\u00edculo a cambiar ser\u00e1n a cargo del comprador.<\/p>\n","protected":false},"excerpt":{"rendered":"<p>PEDIDOS Tardamos unos 7 laborables en tramitar tu pedido, cuando [&hellip;]<\/p>\n","protected":false},"author":1,"featured_media":0,"parent":0,"menu_order":0,"comment_status":"closed","ping_status":"closed","template":"","meta":{"om_disable_all_campaigns":false,"_monsterinsights_skip_tracking":false,"_monsterinsights_sitenote_active":false,"_monsterinsights_sitenote_note":"","_monsterinsights_sitenote_category":0,"footnotes":""},"class_list":["post-3820","page","type-page","status-publish","hentry"],"aioseo_notices":[],"_links":{"self":[{"href":"https:\/\/tenorio.barcelona\/es_es\/wp-json\/wp\/v2\/pages\/3820","targetHints":{"allow":["GET"]}}],"collection":[{"href":"https:\/\/tenorio.barcelona\/es_es\/wp-json\/wp\/v2\/pages"}],"about":[{"href":"https:\/\/tenorio.barcelona\/es_es\/wp-json\/wp\/v2\/types\/page"}],"author":[{"embeddable":true,"href":"https:\/\/tenorio.barcelona\/es_es\/wp-json\/wp\/v2\/users\/1"}],"replies":[{"embeddable":true,"href":"https:\/\/tenorio.barcelona\/es_es\/wp-json\/wp\/v2\/comments?post=3820"}],"version-history":[{"count":9,"href":"https:\/\/tenorio.barcelona\/es_es\/wp-json\/wp\/v2\/pages\/3820\/revisions"}],"predecessor-version":[{"id":4705,"href":"https:\/\/tenorio.barcelona\/es_es\/wp-json\/wp\/v2\/pages\/3820\/revisions\/4705"}],"wp:attachment":[{"href":"https:\/\/tenorio.barcelona\/es_es\/wp-json\/wp\/v2\/media?parent=3820"}],"curies":[{"name":"wp","href":"https:\/\/api.w.org\/{rel}","templated":true}]}}