{"id":3578,"date":"2021-04-16T16:43:57","date_gmt":"2021-04-16T16:43:57","guid":{"rendered":"https:\/\/tenorio.barcelona\/?page_id=3578"},"modified":"2026-04-02T08:58:17","modified_gmt":"2026-04-02T08:58:17","slug":"aviso-legal","status":"publish","type":"page","link":"https:\/\/tenorio.barcelona\/es_es\/aviso-legal\/","title":{"rendered":"Aviso legal"},"content":{"rendered":"<p>Carlos Mart\u00ednez Garc\u00eda-Tenorio \u2013 , con NIF 46964926F y Direcci\u00f3n: Avda. Madrid 24 4\u00ba1. 08028 Barcelona, no puede asumir ninguna responsabilidad derivada del uso incorrecto, inapropiado o il\u00edcito de la informaci\u00f3n aparecida en la p\u00e1gina de Internet de <strong>(www.tenorio.barcelona)<\/strong>\u00a0.<\/p>\n<p>&nbsp;<\/p>\n<p>Con los l\u00edmites establecidos en la ley, Carlos Mart\u00ednez Garc\u00eda-Tenorio \u2013 no asume ninguna responsabilidad derivada de la falta de veracidad, integridad, actualizaci\u00f3n y precisi\u00f3n de los datos o informaciones que se contienen en sus p\u00e1ginas de Internet.<\/p>\n<p>&nbsp;<\/p>\n<p>De igual modo, Carlos Mart\u00ednez Garc\u00eda-Tenorio \u2013 no responder\u00e1 de la presencia de virus y otros elementos que de alg\u00fan modo puedan da\u00f1ar el sistema inform\u00e1tico del usuario. El usuario asume la exenci\u00f3n de cualquier responsabilidad de Carlos Mart\u00ednez Garc\u00eda-Tenorio \u2013 por causas de fuerza mayor, incluidos los fallos tecnol\u00f3gicos propios o ajenos derivados del estado actual de la tecnolog\u00eda. Tampoco se garantiza que la disponibilidad del servicio sea continua e ininterrumpida.<\/p>\n<p>&nbsp;<\/p>\n<p>Los contenidos e informaci\u00f3n no vinculan a Carlos Mart\u00ednez Garc\u00eda-Tenorio -ni constituyen opiniones, consejos o asesoramiento legal de ning\u00fan tipo pues se trata meramente de un servicio ofrecido con car\u00e1cter informativo y divulgativo.<\/p>\n<p>&nbsp;<\/p>\n<p>La p\u00e1gina de Internet\u00a0<a href=\"http:\/\/tenorio.barcelona\"><strong>(www.tenorio.barcelona)<\/strong>\u00a0.<\/a> puede contener enlaces (links) a otras p\u00e1ginas de terceras partes que Carlos Mart\u00ednez Garc\u00eda-Tenorio \u2013 no puede controlar. Por lo tanto, Carlos Mart\u00ednez Garc\u00eda-Tenorio \u2013 no puede asumir responsabilidades por el contenido que pueda aparecer en p\u00e1ginas de terceros.<\/p>\n<p>&nbsp;<\/p>\n<p>Los textos, im\u00e1genes, sonidos, animaciones, software y el resto de contenidos incluidos en este website son propiedad exclusiva de Carlos Mart\u00ednez Garc\u00eda-Tenorio -o sus licenciantes. Cualquier acto de transmisi\u00f3n, distribuci\u00f3n, cesi\u00f3n, reproducci\u00f3n, almacenamiento o comunicaci\u00f3n p\u00fablica total o parcial, debe contar con el consentimiento expreso de <b> Carlos Mart\u00ednez Garc\u00eda-Tenorio \u2013<\/b>.<\/p>\n<p>&nbsp;<\/p>\n<p>Asimismo, para acceder a algunos de los servicios que Carlos Mart\u00ednez Garc\u00eda-Tenorio \u2013 ofrece a trav\u00e9s del website deber\u00e1 proporcionar algunos datos de car\u00e1cter personal. En cumplimiento de lo establecido en el Reglamento (UE) 2016\/679 del Parlamento Europeo y del Consejo, de 27 de abril de 2016, relativo a la protecci\u00f3n de las personas f\u00edsicas en lo que respecta al tratamiento de datos personales y a la libre circulaci\u00f3n de estos datos le informamos que, mediante la cumplimentaci\u00f3n de los presentes formularios, sus datos personales quedar\u00e1n incorporados y ser\u00e1n tratados en los ficheros de Carlos Mart\u00ednez Garc\u00eda-Tenorio \u2013 con el fin de poderle prestar y ofrecer nuestros servicios as\u00ed como para informarle de las mejoras del sitio web. Asimismo, le informamos de la posibilidad de que ejerza los derechos de acceso, rectificaci\u00f3n, cancelaci\u00f3n y oposici\u00f3n de sus datos de car\u00e1cter personal, manera gratuita mediante email a <strong><a href=\"mailto:info@tenorio.barcelona\">info@tenorio.barcelona<\/a>\u00a0<\/strong>.<\/p>\n<p>&nbsp;<\/p>\n<p>El usuario es plenamente consciente de que la mera navegaci\u00f3n por la presente p\u00e1gina web, as\u00ed como la utilizaci\u00f3n de sus servicios, implica la aceptaci\u00f3n de las presentes condiciones de uso.<\/p>\n<p>&nbsp;<\/p>\n<p>Todo lo referente a nuestra p\u00e1gina web, se rige exclusivamente por las leyes espa\u00f1olas. En el caso de que se produzca cualquier tipo de discrepancia o diferencia entre las partes en relaci\u00f3n con la interpretaci\u00f3n y contenido de la presente p\u00e1gina web, todas las partes se someten, con renuncia expresa a cualquier otro fuero, a los Juzgados y Tribunales de Barcelona.<\/p>\n","protected":false},"excerpt":{"rendered":"<p>Carlos Mart\u00ednez Garc\u00eda-Tenorio \u2013 , con NIF 46964926F y Direcci\u00f3n: [&hellip;]<\/p>\n","protected":false},"author":1,"featured_media":0,"parent":0,"menu_order":0,"comment_status":"closed","ping_status":"closed","template":"","meta":{"om_disable_all_campaigns":false,"_monsterinsights_skip_tracking":false,"_monsterinsights_sitenote_active":false,"_monsterinsights_sitenote_note":"","_monsterinsights_sitenote_category":0,"footnotes":""},"class_list":["post-3578","page","type-page","status-publish","hentry"],"aioseo_notices":[],"_links":{"self":[{"href":"https:\/\/tenorio.barcelona\/es_es\/wp-json\/wp\/v2\/pages\/3578","targetHints":{"allow":["GET"]}}],"collection":[{"href":"https:\/\/tenorio.barcelona\/es_es\/wp-json\/wp\/v2\/pages"}],"about":[{"href":"https:\/\/tenorio.barcelona\/es_es\/wp-json\/wp\/v2\/types\/page"}],"author":[{"embeddable":true,"href":"https:\/\/tenorio.barcelona\/es_es\/wp-json\/wp\/v2\/users\/1"}],"replies":[{"embeddable":true,"href":"https:\/\/tenorio.barcelona\/es_es\/wp-json\/wp\/v2\/comments?post=3578"}],"version-history":[{"count":12,"href":"https:\/\/tenorio.barcelona\/es_es\/wp-json\/wp\/v2\/pages\/3578\/revisions"}],"predecessor-version":[{"id":4685,"href":"https:\/\/tenorio.barcelona\/es_es\/wp-json\/wp\/v2\/pages\/3578\/revisions\/4685"}],"wp:attachment":[{"href":"https:\/\/tenorio.barcelona\/es_es\/wp-json\/wp\/v2\/media?parent=3578"}],"curies":[{"name":"wp","href":"https:\/\/api.w.org\/{rel}","templated":true}]}}