{"id":1706,"date":"2016-02-24T05:23:09","date_gmt":"2016-02-24T05:23:09","guid":{"rendered":"http:\/\/tenorio.barcelona\/?page_id=1706"},"modified":"2023-01-17T10:01:13","modified_gmt":"2023-01-17T10:01:13","slug":"about","status":"publish","type":"page","link":"https:\/\/tenorio.barcelona\/es_es\/about\/","title":{"rendered":"Sobre nosotros"},"content":{"rendered":"<div class=\"fusion-fullwidth fullwidth-box fusion-builder-row-1 fusion-flex-container nonhundred-percent-fullwidth non-hundred-percent-height-scrolling\" style=\"background-color: rgba(255,255,255,0);background-position: center center;background-repeat: no-repeat;border-width: 0px 0px 0px 0px;border-color:#e2e2e2;border-style:solid;\" ><div class=\"fusion-builder-row fusion-row fusion-flex-align-items-flex-start\" style=\"max-width:1248px;margin-left: calc(-4% \/ 2 );margin-right: calc(-4% \/ 2 );\"><div class=\"fusion-layout-column fusion_builder_column fusion-builder-column-0 fusion_builder_column_1_2 1_2 fusion-flex-column\"><div class=\"fusion-column-wrapper fusion-flex-justify-content-flex-start fusion-content-layout-column\" style=\"background-position:left top;background-repeat:no-repeat;-webkit-background-size:cover;-moz-background-size:cover;-o-background-size:cover;background-size:cover;padding: 0px 0px 0px 0px;\"><div class=\"fusion-text fusion-text-1\" style=\"transform:translate3d(0,0,0);\"><h3>Bienvenido a <strong>tenorio.barcelona<\/strong><\/h3>\n<\/div><div ><span class=\" fusion-imageframe imageframe-none imageframe-1 hover-type-none\"><img decoding=\"async\" width=\"724\" height=\"1024\" title=\"12-Tempo\" src=\"https:\/\/tenorio.barcelona\/wp-content\/uploads\/2023\/01\/12-Tempo-724x1024.jpg\" class=\"img-responsive wp-image-4431\" srcset=\"https:\/\/tenorio.barcelona\/wp-content\/uploads\/2023\/01\/12-Tempo-200x283.jpg 200w, https:\/\/tenorio.barcelona\/wp-content\/uploads\/2023\/01\/12-Tempo-400x565.jpg 400w, https:\/\/tenorio.barcelona\/wp-content\/uploads\/2023\/01\/12-Tempo-600x848.jpg 600w, https:\/\/tenorio.barcelona\/wp-content\/uploads\/2023\/01\/12-Tempo-800x1131.jpg 800w, https:\/\/tenorio.barcelona\/wp-content\/uploads\/2023\/01\/12-Tempo-1200x1696.jpg 1200w, https:\/\/tenorio.barcelona\/wp-content\/uploads\/2023\/01\/12-Tempo-scaled.jpg 1811w\" sizes=\"(max-width: 640px) 100vw, 600px\" \/><\/span><\/div><\/div><\/div><style type=\"text\/css\">.fusion-body .fusion-builder-column-0{width:50% !important;margin-top : 0px;margin-bottom : 20px;}.fusion-builder-column-0 > .fusion-column-wrapper {padding-top : 0px !important;padding-right : 0px !important;margin-right : 3.84%;padding-bottom : 0px !important;padding-left : 0px !important;margin-left : 3.84%;}@media only screen and (max-width:1024px) {.fusion-body .fusion-builder-column-0{width:50% !important;}.fusion-builder-column-0 > .fusion-column-wrapper {margin-right : 3.84%;margin-left : 3.84%;}}@media only screen and (max-width:640px) {.fusion-body .fusion-builder-column-0{width:100% !important;}.fusion-builder-column-0 > .fusion-column-wrapper {margin-right : 1.92%;margin-left : 1.92%;}}<\/style><div class=\"fusion-layout-column fusion_builder_column fusion-builder-column-1 fusion_builder_column_1_2 1_2 fusion-flex-column\"><div class=\"fusion-column-wrapper fusion-flex-justify-content-flex-start fusion-content-layout-column\" style=\"background-position:left top;background-repeat:no-repeat;-webkit-background-size:cover;-moz-background-size:cover;-o-background-size:cover;background-size:cover;padding: 0px 0px 0px 0px;\"><a class=\"fusion-modal-text-link\" data-toggle=\"modal\" data-target=\".fusion-modal.TENORIO\" href=\"#\"><strong>A quien interese:<\/strong><\/p>\n<p>A trav\u00e9s de esta p\u00e1gina web, nos gustar\u00eda presentar el trabajo del artista barcelon\u00e9s TENORIO, que consiste en una serie de acuarelas, \u00f3leos, dibujos varios y sus correspondientes reproducciones, que se pueden adquirir. Adem\u00e1s , algunos de ellos vienen acompa\u00f1ados de textos, reflexiones po\u00e9ticas que nacen de su experiencia vital.<\/p>\n<p><strong>Otras acciones<\/strong><\/p>\n<p>TENORIO, dar\u00e1 apoyo y se solidarizar\u00e1 de forma desinteresada con causas o colectivos que sufran, mediante videos , utlizando su poes\u00eda \u201c Cuando llegue\u2026.\u201d<\/p>\n<p><center style=\"font-size: 18px;\">*<\/center><\/a><div class=\"fusion-text fusion-text-2\" style=\"transform:translate3d(0,0,0);\"><p style=\"color: black;\"><strong>\u00abNadie nunca sabr\u00e1 la paciencia que tienen los creadores&#8230;<\/strong><br \/>\n<strong>La eternidad pueden ser 10 segundos y 10 segundos toda la eternidad\u00bb<\/strong><\/p>\n<\/div><style type=\"text\/css\">.fusion-accordian  #accordion-1706-1 .panel-title a .fa-fusion-box{ color: #ffffff;}.fusion-accordian  #accordion-1706-1 .panel-title a .fa-fusion-box:before{ font-size: 16px; width: 16px;}.fusion-accordian  #accordion-1706-1 .panel-title a{font-size:16px;}.fusion-accordian  #accordion-1706-1 .fa-fusion-box { background-color: #212934;border-color: #212934;}.fusion-accordian  #accordion-1706-1 .panel-title a:hover, #accordion-1706-1 .fusion-toggle-boxed-mode:hover .panel-title a { color: #65bc7b;}.fusion-accordian  #accordion-1706-1 .panel-title .active .fa-fusion-box,.fusion-accordian  #accordion-1706-1 .panel-title a:hover .fa-fusion-box { background-color: #65bc7b!important;border-color: #65bc7b!important;}<\/style><div class=\"accordian fusion-accordian\"><div class=\"panel-group\" id=\"accordion-1706-1\" role=\"tablist\"><div class=\"fusion-panel panel-default\" role=\"tabpanel\"><div class=\"panel-heading\"><h4 class=\"panel-title toggle\"><a aria-expanded=\"false\" aria-selected=\"false\" aria-controls=\"58dd3499885bc1dfa\" role=\"tab\" data-toggle=\"collapse\" data-parent=\"#accordion-1706-1\" data-target=\"#58dd3499885bc1dfa\" href=\"#58dd3499885bc1dfa\"><span class=\"fusion-toggle-icon-wrapper\" aria-hidden=\"true\"><i class=\"fa-fusion-box\" aria-hidden=\"true\"><\/i><\/span><span class=\"fusion-toggle-heading\">ENGLISH<\/span><\/a><\/h4><\/div><div id=\"58dd3499885bc1dfa\" class=\"panel-collapse collapse \"><div class=\"panel-body toggle-content fusion-clearfix\"><img decoding=\"async\" class=\"alignnone size-full wp-image-4140\" src=\"https:\/\/tenorio.barcelona\/wp-content\/uploads\/2022\/11\/United-Kingdom-64.png\" alt=\"\" width=\"64\" height=\"64\" \/><\/p>\n<hr \/>\n<p>Through this website we would like to present the work of the Barcelona artist TENORIO, which consists of a series of watercolor paintings, oil paintings, drawings and their corresponding reproductions,\u00a0 which can be purchased. In addition, some of them are accompanied by texts, poetic reflections that arise from his life experience.<\/p>\n<p><strong>Other actions<\/strong><\/p>\n<p>TENORIO will selflessly support and show solidarity with causes or groups that suffer, through videos, using his poetry \u00abWhen it arrives&#8230; \u00bb<\/p>\n<p><center style=\"font-size: 18px;\">*<\/center><strong>\u00abNo one will ever know the creators&#8217; patience&#8230;<\/strong><strong> Eternity can be 10 seconds and 10 seconds all eternity\u00bb<\/strong><\/div><\/div><\/div><div class=\"fusion-panel panel-default\" role=\"tabpanel\"><div class=\"panel-heading\"><h4 class=\"panel-title toggle\"><a aria-expanded=\"false\" aria-selected=\"false\" aria-controls=\"f247c70487050017e\" role=\"tab\" data-toggle=\"collapse\" data-parent=\"#accordion-1706-1\" data-target=\"#f247c70487050017e\" href=\"#f247c70487050017e\"><span class=\"fusion-toggle-icon-wrapper\" aria-hidden=\"true\"><i class=\"fa-fusion-box\" aria-hidden=\"true\"><\/i><\/span><span class=\"fusion-toggle-heading\">JAPANESE<\/span><\/a><\/h4><\/div><div id=\"f247c70487050017e\" class=\"panel-collapse collapse \"><div class=\"panel-body toggle-content fusion-clearfix\">\n<p><img decoding=\"async\" class=\"alignnone size-full wp-image-4141\" src=\"https:\/\/tenorio.barcelona\/wp-content\/uploads\/2022\/11\/Japan-64.png\" alt=\"\" width=\"64\" height=\"64\" \/><\/p>\n<hr \/>\n<p style=\"text-align: center;\"><strong>\uff1c\u5f53\u30b5\u30a4\u30c8\u306b\u304a\u8d8a\u3057\u9802\u3044\u305f\u65b9\u3078\uff1e<\/strong><strong>\u00a0<\/strong><\/p>\n<p style=\"text-align: center;\"><strong>\u00a0<\/strong><\/p>\n<p style=\"text-align: center;\"><strong>\u79c1\u9054\u306f\u3053\u306e\u30a6\u30a7\u30d6\u30b5\u30a4\u30c8\u3092\u901a\u3058\u3066\u3001\u30d0\u30eb\u30bb\u30ed\u30ca\u306e\u30a2\u30fc\u30c6\u30a3\u30b9\u30c8<\/strong><\/p>\n<p style=\"text-align: center;\"><strong>\u3010TENORIO\u3011\u306e\u4f5c\u54c1\u3092\u3054\u7d39\u4ecb\u3057\u3066\u3044\u307e\u3059\u3002<\/strong><\/p>\n<p style=\"text-align: center;\"><strong>\u3053\u308c\u3089\u306f\u6c34\u5f69\u753b\u3001\u6cb9\u7d75\u306a\u3069\u69d8\u3005\u306a\u6280\u6cd5\u3067\u63cf\u304b\u308c\u305f\u3082\u306e\u3068\u306a\u3063\u3066\u304a\u308a\u3001<\/strong><strong>\u304a\u8cb7\u3044\u6c42\u3081\u9802\u3051\u307e\u3059\u306e\u306f<\/strong><strong>\u8907\u88fd\u54c1\u3068\u306a\u3063\u3066\u304a\u308a\u307e\u3059\u3002<\/strong><\/p>\n<p style=\"text-align: center;\"><strong>\u00a0<\/strong><\/p>\n<p style=\"text-align: center;\"><strong>\u307e\u305f\u3001\u4f5c\u54c1\u306e\u3044\u304f\u3064\u304b\u306b\u306f\u3001\u5f7c\u304c\u6b69\u3093\u3067\u304d\u305f\u4eba\u751f\u306e\u8cb4\u91cd\u306a\u77ac\u9593\u77ac\u9593\u304b\u3089\u751f\u307e\u308c\u305f\u8a00\u8449\u3084\u8a69\u304c\u6dfb\u3048\u3089\u308c\u3066\u3044\u307e\u3059\u3002<\/strong><\/p>\n<p style=\"text-align: center;\"><strong>\u00a0<\/strong><\/p>\n<p style=\"text-align: center;\"><strong>\u305d\u3057\u3066\u3001\u6d3b\u52d5\u306e\u3082\u3046\u4e00\u3064\u306e\u76ee\u7684\u3068\u3057\u3066\u3001<\/strong><\/p>\n<p style=\"text-align: center;\"><strong>\u00a0<\/strong><\/p>\n<p style=\"text-align: center;\"><strong>TENORIO\u306f\u305d\u306e\u8a69\u306e\u4e2d\u306e\u4e00\u3064\u3010\u305d\u306e\u65e5\u304c\u8fd1\u3065\u304f\u3068\u304d\u3011\u3068\u5171\u306b\u3001\u4f5c\u54c1\u52d5\u753b\u3092\u901a\u3058\u3066\u3001\u4eca\u3001\u4f55\u304b\u306b\u82e6\u3057\u3093\u3067\u3044\u308b\u65b9\u3005\u306e\u82e6\u60a9\u3084\u75db\u307f\u306b\u5bc4\u308a\u6dfb\u3044\u3001\u30b5\u30dd\u30fc\u30c8\u3057\u3066\u3044\u304f\u3053\u3068\u304c\u3067\u304d\u305f\u3089\u3068\u8003\u3048\u3066\u3044\u307e\u3059\u3002<\/strong><\/p>\n<p><center style=\"font-size: 18px;\">*<strong>\u00a0<\/strong><\/center><\/p>\n<p style=\"text-align: center;\"><strong><em>\u4f55\u8005\u3082\u4f5c\u308a\u624b\u306e\u9650\u754c\u3092\u77e5\u308b\u3053\u3068\u306f\u3067\u304d\u306a\u3044\u2026<\/em><\/strong><\/p>\n<p style=\"text-align: center;\"><strong><em>\u6c38\u9060\u306f\uff11\uff10\u79d2\u3068\u306a\u308a\u3001\uff11\uff10\u79d2\u306f\u6c38\u9060\u3068\u306a\u308b<\/em><\/strong><\/p>\n<\/div><\/div><\/div><\/div><\/div><\/div><\/div><style type=\"text\/css\">.fusion-body .fusion-builder-column-1{width:50% !important;margin-top : 0px;margin-bottom : 20px;}.fusion-builder-column-1 > .fusion-column-wrapper {padding-top : 0px !important;padding-right : 0px !important;margin-right : 3.84%;padding-bottom : 0px !important;padding-left : 0px !important;margin-left : 3.84%;}@media only screen and (max-width:1024px) {.fusion-body .fusion-builder-column-1{width:50% !important;}.fusion-builder-column-1 > .fusion-column-wrapper {margin-right : 3.84%;margin-left : 3.84%;}}@media only screen and (max-width:640px) {.fusion-body .fusion-builder-column-1{width:100% !important;}.fusion-builder-column-1 > .fusion-column-wrapper {margin-right : 1.92%;margin-left : 1.92%;}}<\/style><\/div><style type=\"text\/css\">.fusion-body .fusion-flex-container.fusion-builder-row-1{ padding-top : 40px;margin-top : 0px;padding-right : 0px;padding-bottom : 60px;margin-bottom : 0px;padding-left : 0px;}<\/style><\/div>\n","protected":false},"excerpt":{"rendered":"","protected":false},"author":1,"featured_media":0,"parent":0,"menu_order":0,"comment_status":"closed","ping_status":"closed","template":"100-width.php","meta":{"om_disable_all_campaigns":false,"_monsterinsights_skip_tracking":false,"_monsterinsights_sitenote_active":false,"_monsterinsights_sitenote_note":"","_monsterinsights_sitenote_category":0,"footnotes":""},"class_list":["post-1706","page","type-page","status-publish","hentry"],"aioseo_notices":[],"_links":{"self":[{"href":"https:\/\/tenorio.barcelona\/es_es\/wp-json\/wp\/v2\/pages\/1706","targetHints":{"allow":["GET"]}}],"collection":[{"href":"https:\/\/tenorio.barcelona\/es_es\/wp-json\/wp\/v2\/pages"}],"about":[{"href":"https:\/\/tenorio.barcelona\/es_es\/wp-json\/wp\/v2\/types\/page"}],"author":[{"embeddable":true,"href":"https:\/\/tenorio.barcelona\/es_es\/wp-json\/wp\/v2\/users\/1"}],"replies":[{"embeddable":true,"href":"https:\/\/tenorio.barcelona\/es_es\/wp-json\/wp\/v2\/comments?post=1706"}],"version-history":[{"count":56,"href":"https:\/\/tenorio.barcelona\/es_es\/wp-json\/wp\/v2\/pages\/1706\/revisions"}],"predecessor-version":[{"id":4432,"href":"https:\/\/tenorio.barcelona\/es_es\/wp-json\/wp\/v2\/pages\/1706\/revisions\/4432"}],"wp:attachment":[{"href":"https:\/\/tenorio.barcelona\/es_es\/wp-json\/wp\/v2\/media?parent=1706"}],"curies":[{"name":"wp","href":"https:\/\/api.w.org\/{rel}","templated":true}]}}