{"id":3,"date":"2021-02-04T11:57:06","date_gmt":"2021-02-04T11:57:06","guid":{"rendered":"http:\/\/tenorio.barcelona\/?page_id=3"},"modified":"2021-04-16T16:40:03","modified_gmt":"2021-04-16T16:40:03","slug":"politica-cookies","status":"publish","type":"page","link":"https:\/\/tenorio.barcelona\/en\/politica-cookies\/","title":{"rendered":"Politica de cookies"},"content":{"rendered":"<p>Pol\u00edtica de cookies del sitio web de https:\/\/tenorio.barcelona\/<\/p>\r\n<p>Las cookies son peque\u00f1os ficheros de datos que se generan en el ordenador del Usuario y que permiten que sea el mismo Usuario que almacene la informaci\u00f3n que genera su actividad en la red.<\/p>\r\n<p>Este Sitio Web puede utilizar cookies siguientes:<\/p>\r\n<p>Galletas de sesi\u00f3n<\/p>\r\n<p>Las cookies de sesi\u00f3n son memorizadas y \u00fanicamente tienen validez temporal y, por tanto, no registran de forma permanente ninguna informaci\u00f3n en el disco duro del ordenador. Estas cookies permiten almacenar la informaci\u00f3n relacionada con el inicio de sesi\u00f3n de cada usuario.<\/p>\r\n<p>Galletas de navegaci\u00f3n<\/p>\r\n<p>El objetivo principal de las galletas de navegaci\u00f3n es evitar ofrecer recomendaciones no afines a los intereses de los usuarios y ofrecer propuestas comerciales dirigidas y personalizadas.<\/p>\r\n<p>Estas galletas de navegaci\u00f3n basan su utilidad en el seguimiento temporal de la navegaci\u00f3n por Internet. El Usuario tiene la posibilidad de eliminar este tipo de galletas antes de iniciar la navegaci\u00f3n por otras p\u00e1ginas del Sitio Web.<\/p>\r\n<p>galletas estad\u00edsticas<\/p>\r\n<p>Las galletas estad\u00edsticas permiten conocer la siguiente informaci\u00f3n:<\/p>\r\n<p>La fecha y hora de la \u00faltima vez que el Usuario visit\u00f3 nuestro Sitio Web.<br \/>El acceso a los contenidos que el Usuario escogi\u00f3 en su \u00faltima visita a nuestro Sitio Web.<br \/>Para hacer las estad\u00edsticas de uso de nuestro Sitio Web utilizamos herramientas estad\u00edsticas con un alcance limitado a las funciones descritas en el p\u00e1rrafo anterior y con el fin de conocer el nivel de recurrencia de nuestros visitantes y los contenidos que resultan m\u00e1s interesantes. De esta manera podemos concentrar nuestros esfuerzos en mejorar las \u00e1reas m\u00e1s visitadas y hacer que el usuario encuentre m\u00e1s f\u00e1cilmente lo que busca.<br \/>El Sitio Web puede utilizar la informaci\u00f3n de su visita para hacer evaluaciones y c\u00e1lculos estad\u00edsticos sobre datos an\u00f3nimos, as\u00ed como para garantizar la continuidad del servicio o para hacer mejoras a sus sitios web. Esta informaci\u00f3n no se utilizar\u00e1 con ning\u00fan otro fin.<\/p>\r\n<p>Galletas de terceros<\/p>\r\n<p>El sitio web tambi\u00e9n puede instalar cookies de terceros que permiten gestionar y mejorar los servicios que estos sitios ofrecen. Un ejemplo de este uso son los servicios de Google Analytics.<\/p>\r\n<p>Gesti\u00f3n de galletas<\/p>\r\n<p>Sin perjuicio de la afirmaci\u00f3n anterior, el usuario tiene la posibilidad de configurar el navegador para que acepte o rechace por defecto todas las cookies o para que aparezca un aviso en la pantalla cuando se reciba una cookie y decidir en cada momento si se copia o no el disco duro. Para ello, te sugerimos que consultes la secci\u00f3n de ayuda del navegador para saber c\u00f3mo se cambia la configuraci\u00f3n en uso. Tambi\u00e9n puedes utilizar las herramientas de bloqueo de cookies de rastreo como Do Not Track, que puedes descargar de este sitio: http:\/\/www.abine.com\/dntdetail.php<\/p>\r\n<p>Tambi\u00e9n puedes revocar en cualquier momento el consentimiento prestado para la utilizaci\u00f3n de cookies por parte de https:\/\/tenorio.barcelona\/ configurando el navegador en los t\u00e9rminos previstos en el punto anterior.<\/p>\r\n<p>Sin perjuicio de la afirmaci\u00f3n anterior, debes tener en cuenta que la desactivaci\u00f3n de galletas podr\u00eda afectar al correcto funcionamiento de determinadas secciones del sitio web. Por favor, consulta las instrucciones y manuales de su navegador para ampliar esta informaci\u00f3n:<br \/>\u2013 Si usas Microsoft Internet Explorer, en la opci\u00f3n de men\u00fa Herramientas, selecciona Opciones de Internet y ve a Privacidad.<br \/>\u2013 Si usas Firefox para Mac, a la opci\u00f3n de men\u00fa Preferencias, selecciona Privacidad, ve al apartado Muestra galletas y, para Windows, a la opci\u00f3n de men\u00fa Herramientas, selecciona Opciones, ve a Privacidad y despu\u00e9s a Usar una configuraci\u00f3n personalizada para el historial.<br \/>\u2013 Si usas Safari, en la opci\u00f3n de men\u00fa Preferencias, selecciona Privacidad.<br \/>\u2013 Si usas Google Chrome, a la opci\u00f3n de men\u00fa Herramientas, selecciona Opciones (Preferencias en Mac), ve a Opciones avanzadas, luego ve a la opci\u00f3n Configuraci\u00f3n de contenido de la secci\u00f3n Privacidad y finalmente marca la opci\u00f3n Cookies en el cuadro de di\u00e1logo Configuraci\u00f3n de contenido.<\/p>","protected":false},"excerpt":{"rendered":"<p>Pol\u00edtica de cookies del sitio web de https:\/\/tenorio.barcelona\/ Las cookies [&hellip;]<\/p>\n","protected":false},"author":1,"featured_media":0,"parent":0,"menu_order":0,"comment_status":"closed","ping_status":"open","template":"","meta":{"om_disable_all_campaigns":false,"_monsterinsights_skip_tracking":false,"_monsterinsights_sitenote_active":false,"_monsterinsights_sitenote_note":"","_monsterinsights_sitenote_category":0,"footnotes":""},"class_list":["post-3","page","type-page","status-publish","hentry"],"aioseo_notices":[],"_links":{"self":[{"href":"https:\/\/tenorio.barcelona\/en\/wp-json\/wp\/v2\/pages\/3","targetHints":{"allow":["GET"]}}],"collection":[{"href":"https:\/\/tenorio.barcelona\/en\/wp-json\/wp\/v2\/pages"}],"about":[{"href":"https:\/\/tenorio.barcelona\/en\/wp-json\/wp\/v2\/types\/page"}],"author":[{"embeddable":true,"href":"https:\/\/tenorio.barcelona\/en\/wp-json\/wp\/v2\/users\/1"}],"replies":[{"embeddable":true,"href":"https:\/\/tenorio.barcelona\/en\/wp-json\/wp\/v2\/comments?post=3"}],"version-history":[{"count":1,"href":"https:\/\/tenorio.barcelona\/en\/wp-json\/wp\/v2\/pages\/3\/revisions"}],"predecessor-version":[{"id":3577,"href":"https:\/\/tenorio.barcelona\/en\/wp-json\/wp\/v2\/pages\/3\/revisions\/3577"}],"wp:attachment":[{"href":"https:\/\/tenorio.barcelona\/en\/wp-json\/wp\/v2\/media?parent=3"}],"curies":[{"name":"wp","href":"https:\/\/api.w.org\/{rel}","templated":true}]}}