{"id":1752,"date":"2016-02-27T23:09:13","date_gmt":"2016-02-27T23:09:13","guid":{"rendered":"http:\/\/tenorio.barcelona\/?page_id=1752"},"modified":"2021-04-16T15:13:15","modified_gmt":"2021-04-16T15:13:15","slug":"preguntas-frecuentes","status":"publish","type":"page","link":"https:\/\/tenorio.barcelona\/en\/preguntas-frecuentes\/","title":{"rendered":"Frequently Asked Questions (FAQS)"},"content":{"rendered":"<div class=\"fusion-fullwidth fullwidth-box fusion-builder-row-1 fusion-flex-container hundred-percent-fullwidth non-hundred-percent-height-scrolling\" style=\"background-color: rgba(255,255,255,0);background-position: center center;background-repeat: no-repeat;border-width: 0px 0px 0px 0px;border-color:#e2e2e2;border-style:solid;\" ><div class=\"fusion-builder-row fusion-row fusion-flex-align-items-flex-start\" style=\"width:104% !important;max-width:104% !important;margin-left: calc(-4% \/ 2 );margin-right: calc(-4% \/ 2 );\"><div class=\"fusion-layout-column fusion_builder_column fusion-builder-column-0 fusion_builder_column_1_1 1_1 fusion-flex-column fusion-flex-align-self-flex-start fusion-column-no-min-height\"><div class=\"fusion-column-wrapper fusion-flex-justify-content-flex-start fusion-content-layout-column\" style=\"background-position:left top;background-repeat:no-repeat;-webkit-background-size:cover;-moz-background-size:cover;-o-background-size:cover;background-size:cover;padding: 0px 0px 0px 0px;\"><style type=\"text\/css\">.fusion-accordian #accordian-1 .panel-title a .fa-fusion-box:before{ font-size: 16px;}.fusion-accordian #accordian-1 .panel-title a .fa-fusion-box{ color: #ffffff;}.fusion-accordian #accordian-1 .panel-title a{font-size:28px;}.fusion-accordian #accordian-1 .fa-fusion-box { background-color: #212934;border-color: #212934;}.fusion-accordian #accordian-1 .panel-title a:hover,.fusion-accordian #accordian-1 .panel-title a.hover { color: #65bc7b;}.fusion-faq-shortcode .fusion-accordian #accordian-1 .fusion-toggle-boxed-mode:hover .panel-title a { color: #65bc7b;}.fusion-accordian #accordian-1 .panel-title .active .fa-fusion-box,.fusion-accordian #accordian-1 .panel-title a:hover .fa-fusion-box,.fusion-accordian #accordian-1 .panel-title a.hover .fa-fusion-box { background-color: #65bc7b!important;border-color: #65bc7b!important;}<\/style><div class=\"fusion-faq-shortcode\"><div class=\"fusion-faqs-wrapper\"><div class=\"accordian fusion-accordian\"><div class=\"panel-group\" id=\"accordian-1\"><div class=\"fusion-panel panel-default fusion-faq-post fusion-faq-post-3823\"><span class=\"entry-title rich-snippet-hidden\">\u00bfCu\u00e1les son las condiciones de compra?<\/span><span class=\"vcard rich-snippet-hidden\"><span class=\"fn\"><a href=\"https:\/\/tenorio.barcelona\/en\/author\/adminmagic\/\" title=\"Posts by AdminMagic\" rel=\"author\">AdminMagic<\/a><\/span><\/span><span class=\"updated rich-snippet-hidden\">2021-08-18T14:26:24+00:00<\/span><div class=\"panel-heading\"><h4 class=\"panel-title toggle\"><a data-toggle=\"collapse\" class=\"collapsed\" data-parent=\"#accordian-1\" data-target=\"#collapse-1-3823\" href=\"#collapse-1-3823\"><div class=\"fusion-toggle-icon-wrapper\"><div class=\"fusion-toggle-icon-wrapper-main\"><div class=\"fusion-toggle-icon-wrapper-sub\"><i class=\"fa-fusion-box\" aria-hidden=\"true\"><\/i><\/div><\/div><\/div><div class=\"fusion-toggle-heading\">\u00bfCu\u00e1les son las condiciones de compra?<\/div><\/a><\/h4><\/div><div id=\"collapse-1-3823\" class=\"panel-collapse collapse\"><div class=\"panel-body toggle-content post-content\"><p>Puedes consultar nuestras condiciones de compra <a href=\"https:\/\/tenorio.barcelona\/en\/condiciones-de-compra\/\">aqu\u00ed<\/a>.<\/p>\n<\/div><\/div><\/div><div class=\"fusion-panel panel-default fusion-faq-post fusion-faq-post-3810\"><span class=\"entry-title rich-snippet-hidden\">\u00bfEl  impuesto del IVA est\u00e1 incluido en el precio?<\/span><span class=\"vcard rich-snippet-hidden\"><span class=\"fn\"><a href=\"https:\/\/tenorio.barcelona\/en\/author\/adminmagic\/\" title=\"Posts by AdminMagic\" rel=\"author\">AdminMagic<\/a><\/span><\/span><span class=\"updated rich-snippet-hidden\">2022-06-07T10:42:14+00:00<\/span><div class=\"panel-heading\"><h4 class=\"panel-title toggle\"><a data-toggle=\"collapse\" class=\"collapsed\" data-parent=\"#accordian-1\" data-target=\"#collapse-1-3810\" href=\"#collapse-1-3810\"><div class=\"fusion-toggle-icon-wrapper\"><div class=\"fusion-toggle-icon-wrapper-main\"><div class=\"fusion-toggle-icon-wrapper-sub\"><i class=\"fa-fusion-box\" aria-hidden=\"true\"><\/i><\/div><\/div><\/div><div class=\"fusion-toggle-heading\">\u00bfEl  impuesto del IVA est\u00e1 incluido en el precio?<\/div><\/a><\/h4><\/div><div id=\"collapse-1-3810\" class=\"panel-collapse collapse\"><div class=\"panel-body toggle-content post-content\"><p>S\u00ed. <\/p>\n<\/div><\/div><\/div><div class=\"fusion-panel panel-default fusion-faq-post fusion-faq-post-3572\"><span class=\"entry-title rich-snippet-hidden\">\u00bfPuedo solicitar alguna obra con otras medidas?<\/span><span class=\"vcard rich-snippet-hidden\"><span class=\"fn\"><a href=\"https:\/\/tenorio.barcelona\/en\/author\/adminmagic\/\" title=\"Posts by AdminMagic\" rel=\"author\">AdminMagic<\/a><\/span><\/span><span class=\"updated rich-snippet-hidden\">2021-07-20T16:09:40+00:00<\/span><div class=\"panel-heading\"><h4 class=\"panel-title toggle\"><a data-toggle=\"collapse\" class=\"collapsed\" data-parent=\"#accordian-1\" data-target=\"#collapse-1-3572\" href=\"#collapse-1-3572\"><div class=\"fusion-toggle-icon-wrapper\"><div class=\"fusion-toggle-icon-wrapper-main\"><div class=\"fusion-toggle-icon-wrapper-sub\"><i class=\"fa-fusion-box\" aria-hidden=\"true\"><\/i><\/div><\/div><\/div><div class=\"fusion-toggle-heading\">\u00bfPuedo solicitar alguna obra con otras medidas?<\/div><\/a><\/h4><\/div><div id=\"collapse-1-3572\" class=\"panel-collapse collapse\"><div class=\"panel-body toggle-content post-content\"><p>S\u00ed.<\/p>\n<\/div><\/div><\/div><div class=\"fusion-panel panel-default fusion-faq-post fusion-faq-post-3568\"><span class=\"entry-title rich-snippet-hidden\">\u00bfLa obra es aut\u00e9ntica?<\/span><span class=\"vcard rich-snippet-hidden\"><span class=\"fn\"><a href=\"https:\/\/tenorio.barcelona\/en\/author\/adminmagic\/\" title=\"Posts by AdminMagic\" rel=\"author\">AdminMagic<\/a><\/span><\/span><span class=\"updated rich-snippet-hidden\">2022-06-07T10:42:24+00:00<\/span><div class=\"panel-heading\"><h4 class=\"panel-title toggle\"><a data-toggle=\"collapse\" class=\"collapsed\" data-parent=\"#accordian-1\" data-target=\"#collapse-1-3568\" href=\"#collapse-1-3568\"><div class=\"fusion-toggle-icon-wrapper\"><div class=\"fusion-toggle-icon-wrapper-main\"><div class=\"fusion-toggle-icon-wrapper-sub\"><i class=\"fa-fusion-box\" aria-hidden=\"true\"><\/i><\/div><\/div><\/div><div class=\"fusion-toggle-heading\">\u00bfLa obra es aut\u00e9ntica?<\/div><\/a><\/h4><\/div><div id=\"collapse-1-3568\" class=\"panel-collapse collapse\"><div class=\"panel-body toggle-content post-content\"><p> Son l\u00e1minas reproducidas de los originales de Tenorio.<\/p>\n<\/div><\/div><\/div><div class=\"fusion-panel panel-default fusion-faq-post fusion-faq-post-3566\"><span class=\"entry-title rich-snippet-hidden\">\u00bfC\u00f3mo surgi\u00f3 la idea?<\/span><span class=\"vcard rich-snippet-hidden\"><span class=\"fn\"><a href=\"https:\/\/tenorio.barcelona\/en\/author\/adminmagic\/\" title=\"Posts by AdminMagic\" rel=\"author\">AdminMagic<\/a><\/span><\/span><span class=\"updated rich-snippet-hidden\">2021-07-20T16:10:40+00:00<\/span><div class=\"panel-heading\"><h4 class=\"panel-title toggle\"><a data-toggle=\"collapse\" class=\"collapsed\" data-parent=\"#accordian-1\" data-target=\"#collapse-1-3566\" href=\"#collapse-1-3566\"><div class=\"fusion-toggle-icon-wrapper\"><div class=\"fusion-toggle-icon-wrapper-main\"><div class=\"fusion-toggle-icon-wrapper-sub\"><i class=\"fa-fusion-box\" aria-hidden=\"true\"><\/i><\/div><\/div><\/div><div class=\"fusion-toggle-heading\">\u00bfC\u00f3mo surgi\u00f3 la idea?<\/div><\/a><\/h4><\/div><div id=\"collapse-1-3566\" class=\"panel-collapse collapse\"><div class=\"panel-body toggle-content post-content\"><p>Con la intenci\u00f3n de llevar la obra de Tenorio a los amantes del arte.<\/p>\n<\/div><\/div><\/div><div class=\"fusion-panel panel-default fusion-faq-post fusion-faq-post-3564\"><span class=\"entry-title rich-snippet-hidden\">\u00bfQu\u00e9 hago si me llega la obra da\u00f1ada durante el transporte?<\/span><span class=\"vcard rich-snippet-hidden\"><span class=\"fn\"><a href=\"https:\/\/tenorio.barcelona\/en\/author\/adminmagic\/\" title=\"Posts by AdminMagic\" rel=\"author\">AdminMagic<\/a><\/span><\/span><span class=\"updated rich-snippet-hidden\">2021-07-20T16:10:56+00:00<\/span><div class=\"panel-heading\"><h4 class=\"panel-title toggle\"><a data-toggle=\"collapse\" class=\"collapsed\" data-parent=\"#accordian-1\" data-target=\"#collapse-1-3564\" href=\"#collapse-1-3564\"><div class=\"fusion-toggle-icon-wrapper\"><div class=\"fusion-toggle-icon-wrapper-main\"><div class=\"fusion-toggle-icon-wrapper-sub\"><i class=\"fa-fusion-box\" aria-hidden=\"true\"><\/i><\/div><\/div><\/div><div class=\"fusion-toggle-heading\">\u00bfQu\u00e9 hago si me llega la obra da\u00f1ada durante el transporte?<\/div><\/a><\/h4><\/div><div id=\"collapse-1-3564\" class=\"panel-collapse collapse\"><div class=\"panel-body toggle-content post-content\"><p>Hacerlo constar en el albar\u00e1n del transportista.<\/p>\n<\/div><\/div><\/div><div class=\"fusion-panel panel-default fusion-faq-post fusion-faq-post-3562\"><span class=\"entry-title rich-snippet-hidden\">\u00bfSe permiten devoluciones?<\/span><span class=\"vcard rich-snippet-hidden\"><span class=\"fn\"><a href=\"https:\/\/tenorio.barcelona\/en\/author\/adminmagic\/\" title=\"Posts by AdminMagic\" rel=\"author\">AdminMagic<\/a><\/span><\/span><span class=\"updated rich-snippet-hidden\">2021-11-05T15:36:34+00:00<\/span><div class=\"panel-heading\"><h4 class=\"panel-title toggle\"><a data-toggle=\"collapse\" class=\"collapsed\" data-parent=\"#accordian-1\" data-target=\"#collapse-1-3562\" href=\"#collapse-1-3562\"><div class=\"fusion-toggle-icon-wrapper\"><div class=\"fusion-toggle-icon-wrapper-main\"><div class=\"fusion-toggle-icon-wrapper-sub\"><i class=\"fa-fusion-box\" aria-hidden=\"true\"><\/i><\/div><\/div><\/div><div class=\"fusion-toggle-heading\">\u00bfSe permiten devoluciones?<\/div><\/a><\/h4><\/div><div id=\"collapse-1-3562\" class=\"panel-collapse collapse\"><div class=\"panel-body toggle-content post-content\"><p>S\u00ed, en un plazo de m\u00e1ximo de 14  d\u00edas , pero los gastos de devoluci\u00f3n van a cargo del cliente.<\/p>\n<\/div><\/div><\/div><div class=\"fusion-panel panel-default fusion-faq-post fusion-faq-post-3559\"><span class=\"entry-title rich-snippet-hidden\">\u00bfTen\u00e9is departamento de  atenci\u00f3n al cliente?<\/span><span class=\"vcard rich-snippet-hidden\"><span class=\"fn\"><a href=\"https:\/\/tenorio.barcelona\/en\/author\/adminmagic\/\" title=\"Posts by AdminMagic\" rel=\"author\">AdminMagic<\/a><\/span><\/span><span class=\"updated rich-snippet-hidden\">2022-06-07T10:42:37+00:00<\/span><div class=\"panel-heading\"><h4 class=\"panel-title toggle\"><a data-toggle=\"collapse\" class=\"collapsed\" data-parent=\"#accordian-1\" data-target=\"#collapse-1-3559\" href=\"#collapse-1-3559\"><div class=\"fusion-toggle-icon-wrapper\"><div class=\"fusion-toggle-icon-wrapper-main\"><div class=\"fusion-toggle-icon-wrapper-sub\"><i class=\"fa-fusion-box\" aria-hidden=\"true\"><\/i><\/div><\/div><\/div><div class=\"fusion-toggle-heading\">\u00bfTen\u00e9is departamento de  atenci\u00f3n al cliente?<\/div><\/a><\/h4><\/div><div id=\"collapse-1-3559\" class=\"panel-collapse collapse\"><div class=\"panel-body toggle-content post-content\"><p>S\u00ed, al mail <a href=\"mailto:info@tenorio.barcelona\">info@tenorio.barcelona<\/a><\/p>\n<\/div><\/div><\/div><div class=\"fusion-panel panel-default fusion-faq-post fusion-faq-post-3557\"><span class=\"entry-title rich-snippet-hidden\">\u00bfSe hacen env\u00edos a Ceuta,Melilla,Canarias?<\/span><span class=\"vcard rich-snippet-hidden\"><span class=\"fn\"><a href=\"https:\/\/tenorio.barcelona\/en\/author\/adminmagic\/\" title=\"Posts by AdminMagic\" rel=\"author\">AdminMagic<\/a><\/span><\/span><span class=\"updated rich-snippet-hidden\">2022-06-07T10:43:30+00:00<\/span><div class=\"panel-heading\"><h4 class=\"panel-title toggle\"><a data-toggle=\"collapse\" class=\"collapsed\" data-parent=\"#accordian-1\" data-target=\"#collapse-1-3557\" href=\"#collapse-1-3557\"><div class=\"fusion-toggle-icon-wrapper\"><div class=\"fusion-toggle-icon-wrapper-main\"><div class=\"fusion-toggle-icon-wrapper-sub\"><i class=\"fa-fusion-box\" aria-hidden=\"true\"><\/i><\/div><\/div><\/div><div class=\"fusion-toggle-heading\">\u00bfSe hacen env\u00edos a Ceuta,Melilla,Canarias?<\/div><\/a><\/h4><\/div><div id=\"collapse-1-3557\" class=\"panel-collapse collapse\"><div class=\"panel-body toggle-content post-content\"><p>De momento no.<\/p>\n<\/div><\/div><\/div><div class=\"fusion-panel panel-default fusion-faq-post fusion-faq-post-3555\"><span class=\"entry-title rich-snippet-hidden\">\u00bfC\u00f3mo puedo consultar el estado de mi pedido?<\/span><span class=\"vcard rich-snippet-hidden\"><span class=\"fn\"><a href=\"https:\/\/tenorio.barcelona\/en\/author\/adminmagic\/\" title=\"Posts by AdminMagic\" rel=\"author\">AdminMagic<\/a><\/span><\/span><span class=\"updated rich-snippet-hidden\">2021-07-20T16:11:46+00:00<\/span><div class=\"panel-heading\"><h4 class=\"panel-title toggle\"><a data-toggle=\"collapse\" class=\"collapsed\" data-parent=\"#accordian-1\" data-target=\"#collapse-1-3555\" href=\"#collapse-1-3555\"><div class=\"fusion-toggle-icon-wrapper\"><div class=\"fusion-toggle-icon-wrapper-main\"><div class=\"fusion-toggle-icon-wrapper-sub\"><i class=\"fa-fusion-box\" aria-hidden=\"true\"><\/i><\/div><\/div><\/div><div class=\"fusion-toggle-heading\">\u00bfC\u00f3mo puedo consultar el estado de mi pedido?<\/div><\/a><\/h4><\/div><div id=\"collapse-1-3555\" class=\"panel-collapse collapse\"><div class=\"panel-body toggle-content post-content\"><p>Puedes consultar el estado de tu pedido en \u00abmicuenta\u00bb.<\/p>\n<p><img decoding=\"async\" class=\"alignnone size-medium wp-image-3806\" src=\"https:\/\/tenorio.barcelona\/wp-content\/uploads\/2021\/04\/pedidos-191x300.png\" alt=\"\" width=\"191\" height=\"300\" srcset=\"https:\/\/tenorio.barcelona\/wp-content\/uploads\/2021\/04\/pedidos-191x300.png 191w, https:\/\/tenorio.barcelona\/wp-content\/uploads\/2021\/04\/pedidos-200x314.png 200w, https:\/\/tenorio.barcelona\/wp-content\/uploads\/2021\/04\/pedidos.png 214w\" sizes=\"(max-width: 191px) 100vw, 191px\" \/><\/p>\n<\/div><\/div><\/div><div class=\"fusion-panel panel-default fusion-faq-post fusion-faq-post-3553\"><span class=\"entry-title rich-snippet-hidden\">\u00bfCu\u00e1nto  tiempo tarda el env\u00edo en llegar a destino?<\/span><span class=\"vcard rich-snippet-hidden\"><span class=\"fn\"><a href=\"https:\/\/tenorio.barcelona\/en\/author\/adminmagic\/\" title=\"Posts by AdminMagic\" rel=\"author\">AdminMagic<\/a><\/span><\/span><span class=\"updated rich-snippet-hidden\">2026-04-02T08:52:52+00:00<\/span><div class=\"panel-heading\"><h4 class=\"panel-title toggle\"><a data-toggle=\"collapse\" class=\"collapsed\" data-parent=\"#accordian-1\" data-target=\"#collapse-1-3553\" href=\"#collapse-1-3553\"><div class=\"fusion-toggle-icon-wrapper\"><div class=\"fusion-toggle-icon-wrapper-main\"><div class=\"fusion-toggle-icon-wrapper-sub\"><i class=\"fa-fusion-box\" aria-hidden=\"true\"><\/i><\/div><\/div><\/div><div class=\"fusion-toggle-heading\">\u00bfCu\u00e1nto  tiempo tarda el env\u00edo en llegar a destino?<\/div><\/a><\/h4><\/div><div id=\"collapse-1-3553\" class=\"panel-collapse collapse\"><div class=\"panel-body toggle-content post-content\"><p>De 7 a 10 dias aproximadamente si est\u00e1 en stock.<\/p>\n<\/div><\/div><\/div><div class=\"fusion-panel panel-default fusion-faq-post fusion-faq-post-3551\"><span class=\"entry-title rich-snippet-hidden\">\u00bfCu\u00e1nto cuesta el env\u00edo?<\/span><span class=\"vcard rich-snippet-hidden\"><span class=\"fn\"><a href=\"https:\/\/tenorio.barcelona\/en\/author\/adminmagic\/\" title=\"Posts by AdminMagic\" rel=\"author\">AdminMagic<\/a><\/span><\/span><span class=\"updated rich-snippet-hidden\">2026-04-02T14:29:48+00:00<\/span><div class=\"panel-heading\"><h4 class=\"panel-title toggle\"><a data-toggle=\"collapse\" class=\"collapsed\" data-parent=\"#accordian-1\" data-target=\"#collapse-1-3551\" href=\"#collapse-1-3551\"><div class=\"fusion-toggle-icon-wrapper\"><div class=\"fusion-toggle-icon-wrapper-main\"><div class=\"fusion-toggle-icon-wrapper-sub\"><i class=\"fa-fusion-box\" aria-hidden=\"true\"><\/i><\/div><\/div><\/div><div class=\"fusion-toggle-heading\">\u00bfCu\u00e1nto cuesta el env\u00edo?<\/div><\/a><\/h4><\/div><div id=\"collapse-1-3551\" class=\"panel-collapse collapse\"><div class=\"panel-body toggle-content post-content\"><p>El precio del env\u00edo de 1  l\u00e1mina es de 6 \u20ac , el precio para 2 l\u00e1minas es  GRATIS<br \/>\nS\u00f3lo entregamos en la  pen\u00ednsula y baleares. <\/p>\n<\/div><\/div><\/div><\/div><\/div><\/div><\/div><\/div><\/div><style type=\"text\/css\">.fusion-body .fusion-builder-column-0{width:100% !important;margin-top : 0px;margin-bottom : 0px;}.fusion-builder-column-0 > .fusion-column-wrapper {padding-top : 0px !important;padding-right : 0px !important;margin-right : 1.92%;padding-bottom : 0px !important;padding-left : 0px !important;margin-left : 1.92%;}@media only screen and (max-width:1024px) {.fusion-body .fusion-builder-column-0{width:100% !important;}.fusion-builder-column-0 > .fusion-column-wrapper {margin-right : 1.92%;margin-left : 1.92%;}}@media only screen and (max-width:640px) {.fusion-body .fusion-builder-column-0{width:100% !important;}.fusion-builder-column-0 > .fusion-column-wrapper {margin-right : 1.92%;margin-left : 1.92%;}}<\/style><\/div><style type=\"text\/css\">.fusion-fullwidth.fusion-builder-row-1 { overflow:visible; }.fusion-body .fusion-flex-container.fusion-builder-row-1{ padding-top : 0px;margin-top : 0px;padding-right : 0px;padding-bottom : 0px;margin-bottom : 0px;padding-left : 0px;}<\/style><\/div>","protected":false},"excerpt":{"rendered":"","protected":false},"author":1,"featured_media":0,"parent":0,"menu_order":0,"comment_status":"closed","ping_status":"closed","template":"","meta":{"om_disable_all_campaigns":false,"_monsterinsights_skip_tracking":false,"_monsterinsights_sitenote_active":false,"_monsterinsights_sitenote_note":"","_monsterinsights_sitenote_category":0,"footnotes":""},"class_list":["post-1752","page","type-page","status-publish","hentry"],"aioseo_notices":[],"_links":{"self":[{"href":"https:\/\/tenorio.barcelona\/en\/wp-json\/wp\/v2\/pages\/1752","targetHints":{"allow":["GET"]}}],"collection":[{"href":"https:\/\/tenorio.barcelona\/en\/wp-json\/wp\/v2\/pages"}],"about":[{"href":"https:\/\/tenorio.barcelona\/en\/wp-json\/wp\/v2\/types\/page"}],"author":[{"embeddable":true,"href":"https:\/\/tenorio.barcelona\/en\/wp-json\/wp\/v2\/users\/1"}],"replies":[{"embeddable":true,"href":"https:\/\/tenorio.barcelona\/en\/wp-json\/wp\/v2\/comments?post=1752"}],"version-history":[{"count":1,"href":"https:\/\/tenorio.barcelona\/en\/wp-json\/wp\/v2\/pages\/1752\/revisions"}],"predecessor-version":[{"id":3457,"href":"https:\/\/tenorio.barcelona\/en\/wp-json\/wp\/v2\/pages\/1752\/revisions\/3457"}],"wp:attachment":[{"href":"https:\/\/tenorio.barcelona\/en\/wp-json\/wp\/v2\/media?parent=1752"}],"curies":[{"name":"wp","href":"https:\/\/api.w.org\/{rel}","templated":true}]}}